{"id":6,"date":"2022-09-16T12:05:28","date_gmt":"2022-09-16T12:05:28","guid":{"rendered":"https:\/\/dopron.com\/?page_id=6"},"modified":"2022-09-20T14:34:22","modified_gmt":"2022-09-20T14:34:22","slug":"kezdolap","status":"publish","type":"page","link":"https:\/\/dopron.com\/","title":{"rendered":"Dopron &#8211; digit\u00e1lis \u00e9s growth marketing szak\u00e9rt\u0151"},"content":{"rendered":"\n<p>Kis \u00e9s k\u00f6z\u00e9pv\u00e1llalkoz\u00e1sok Google, Facebook, Instagram, Linkedin, Pinterest \u00e9s Tiktok hirdet\u00e9seinek profit c\u00e9l\u00fa menedzsel\u00e9se \u00e9s optimaliz\u00e1l\u00e1sa a f\u0151 szakter\u00fclet\u00fcnk. Havi 200 ezres budgett\u0151l 10 milli\u00f3ig szerezt\u00fcnk tapasztalatot megt\u00e9r\u00fcl\u00e9s f\u00f3kusz\u00fa online marketing ter\u00fcleten 2009 \u00f3ta, hazai \u00e9s nemzetk\u00f6zi szinten, B2B \u00e9s B2C c\u00e9lcsoportnak is. Google Analytics elemz\u00e9s, be\u00e1ll\u00edt\u00e1s, weboldal&nbsp; konverzi\u00f3s csatorna optimaliz\u00e1l\u00e1sa, marketing strat\u00e9gia \u2013 mindezek szolg\u00e1ltat\u00e1saink k\u00f6z\u00e9 tartoznak. <\/p>\n\n\n\n<p>T\u00f6bbek k\u00f6z\u00f6tt eg\u00e9szs\u00e9g\u00fcgyi \u00e9s sz\u00e9p\u00e9szeti klinikai \u00fcgyfeleink is voltak, nat\u00farkozmetikum m\u00e1rk\u00e1kat vezett\u00fcnk be a piacra, illetve webshop-okat is m\u0171k\u00f6dtett\u00fcnk. Jelent\u0151sebb partnereink k\u00f6z\u00e9 tartozik az Airocide Europe \u00e9s a The Body Shop Hungary is. <\/p>\n\n\n\n<p>\n\nHa felkeltett\u00fck \u00e9rdekl\u0151d\u00e9s\u00e9t, keressen minket az&nbsp;<strong>el\u00e9rhet\u0151s\u00e9geinken&nbsp;<\/strong>vagy&nbsp;a<strong>&nbsp;kapcsolatfelv\u00e9teli \u0171rlapon<\/strong>&nbsp;kereszt\u00fcl!\n\n<\/p>\n","protected":false},"excerpt":{"rendered":"<p>Kis \u00e9s k\u00f6z\u00e9pv\u00e1llalkoz\u00e1sok Google, Facebook, Instagram, Linkedin, Pinterest \u00e9s Tiktok hirdet\u00e9seinek profit c\u00e9l\u00fa menedzsel\u00e9se \u00e9s optimaliz\u00e1l\u00e1sa a f\u0151 szakter\u00fclet\u00fcnk. Havi 200 ezres budgett\u0151l 10 milli\u00f3ig szerezt\u00fcnk tapasztalatot megt\u00e9r\u00fcl\u00e9s f\u00f3kusz\u00fa online marketing ter\u00fcleten 2009 \u00f3ta, hazai \u00e9s nemzetk\u00f6zi szinten, B2B \u00e9s B2C c\u00e9lcsoportnak is. Google Analytics elemz\u00e9s, be\u00e1ll\u00edt\u00e1s, weboldal&nbsp; konverzi\u00f3s csatorna optimaliz\u00e1l\u00e1sa, marketing strat\u00e9gia \u2013 mindezek &hellip; <\/p>\n<p class=\"link-more\"><a href=\"https:\/\/dopron.com\/\" class=\"more-link\"><span class=\"screen-reader-text\">&#8222;Dopron &#8211; digit\u00e1lis \u00e9s growth marketing szak\u00e9rt\u0151&#8221;<\/span> b\u0151vebben<\/a><\/p>\n","protected":false},"author":1,"featured_media":0,"parent":0,"menu_order":0,"comment_status":"closed","ping_status":"closed","template":"","meta":[],"_links":{"self":[{"href":"https:\/\/dopron.com\/index.php?rest_route=\/wp\/v2\/pages\/6"}],"collection":[{"href":"https:\/\/dopron.com\/index.php?rest_route=\/wp\/v2\/pages"}],"about":[{"href":"https:\/\/dopron.com\/index.php?rest_route=\/wp\/v2\/types\/page"}],"author":[{"embeddable":true,"href":"https:\/\/dopron.com\/index.php?rest_route=\/wp\/v2\/users\/1"}],"replies":[{"embeddable":true,"href":"https:\/\/dopron.com\/index.php?rest_route=%2Fwp%2Fv2%2Fcomments&post=6"}],"version-history":[{"count":6,"href":"https:\/\/dopron.com\/index.php?rest_route=\/wp\/v2\/pages\/6\/revisions"}],"predecessor-version":[{"id":23,"href":"https:\/\/dopron.com\/index.php?rest_route=\/wp\/v2\/pages\/6\/revisions\/23"}],"wp:attachment":[{"href":"https:\/\/dopron.com\/index.php?rest_route=%2Fwp%2Fv2%2Fmedia&parent=6"}],"curies":[{"name":"wp","href":"https:\/\/api.w.org\/{rel}","templated":true}]}}